{"id":984,"date":"2017-11-16T06:05:57","date_gmt":"2017-11-16T05:05:57","guid":{"rendered":"https:\/\/pivnicki.com\/?page_id=984"},"modified":"2023-01-12T03:50:31","modified_gmt":"2023-01-12T02:50:31","slug":"animacija-i-video-produkcija","status":"publish","type":"page","link":"https:\/\/pivnicki.com\/sr\/animacija-i-video-produkcija\/","title":{"rendered":"Animacija i video produkcija"},"content":{"rendered":"<p>[et_pb_section fb_built=&#8220;1&#8243; fullwidth=&#8220;on&#8220; module_class=&#8220;da-innerpage-header&#8220; _builder_version=&#8220;4.17.4&#8243; custom_css_main_element=&#8220;min-height: 50vh;&#8220; locked=&#8220;off&#8220; global_colors_info=&#8220;{}&#8220;][et_pb_fullwidth_header title=&#8220;Animacija i video produkcija&#8220; subhead=&#8220;Custom videos from scratch and template based videos&#8220; text_orientation=&#8220;center&#8220; background_overlay_color=&#8220;rgba(0,0,0,0.7)&#8220; _builder_version=&#8220;4.19.4&#8243; title_font=&#8220;|||on|||||&#8220; title_text_align=&#8220;center&#8220; title_font_size=&#8220;70px&#8220; title_letter_spacing=&#8220;5px&#8220; title_line_height=&#8220;1.2em&#8220; background_color=&#8220;rgba(255, 255, 255, 0)&#8220; background_image=&#8220;https:\/\/pivnicki.com\/wp-content\/uploads\/2023\/01\/header2k23.jpg&#8220; parallax=&#8220;on&#8220; hover_enabled=&#8220;0&#8243; title_font_size_tablet=&#8220;40px&#8220; title_font_size_phone=&#8220;30px&#8220; title_font_size_last_edited=&#8220;on|desktop&#8220; custom_css_main_element=&#8220;min-height: 70vh;&#8220; custom_css_title=&#8220;margin-bottom: 25px;&#8220; global_colors_info=&#8220;{}&#8220; button_one_text_size__hover_enabled=&#8220;off&#8220; button_two_text_size__hover_enabled=&#8220;off&#8220; button_one_text_color__hover_enabled=&#8220;off&#8220; button_two_text_color__hover_enabled=&#8220;off&#8220; button_one_border_width__hover_enabled=&#8220;off&#8220; button_two_border_width__hover_enabled=&#8220;off&#8220; button_one_border_color__hover_enabled=&#8220;off&#8220; button_two_border_color__hover_enabled=&#8220;off&#8220; button_one_border_radius__hover_enabled=&#8220;off&#8220; button_two_border_radius__hover_enabled=&#8220;off&#8220; button_one_letter_spacing__hover_enabled=&#8220;off&#8220; button_two_letter_spacing__hover_enabled=&#8220;off&#8220; button_one_bg_color__hover_enabled=&#8220;off&#8220; button_two_bg_color__hover_enabled=&#8220;off&#8220; title_text=&#8220;header2k23&#8243; sticky_enabled=&#8220;0&#8243;][\/et_pb_fullwidth_header][\/et_pb_section][et_pb_section fb_built=&#8220;1&#8243; custom_padding_last_edited=&#8220;off|desktop&#8220; _builder_version=&#8220;4.16&#8243; animation_direction=&#8220;left&#8220; global_colors_info=&#8220;{}&#8220;][et_pb_row custom_padding_last_edited=&#8220;on|phone&#8220; disabled_on=&#8220;on|on|on&#8220; _builder_version=&#8220;4.16&#8243; custom_padding_tablet=&#8220;0px||0px|&#8220; custom_padding_phone=&#8220;&#8220; animation_direction=&#8220;bottom&#8220; disabled=&#8220;on&#8220; global_colors_info=&#8220;{}&#8220;][et_pb_column type=&#8220;4_4&#8243; _builder_version=&#8220;4.16&#8243; custom_padding=&#8220;|||&#8220; global_colors_info=&#8220;{}&#8220; custom_padding__hover=&#8220;|||&#8220;][et_pb_text _builder_version=&#8220;4.17.4&#8243; text_font=&#8220;|700|||||||&#8220; text_text_color=&#8220;#000000&#8243; header_2_font=&#8220;|700||on|||||&#8220; header_2_text_color=&#8220;#000000&#8243; animation_style=&#8220;slide&#8220; animation_direction=&#8220;bottom&#8220; animation_duration=&#8220;1200ms&#8220; global_colors_info=&#8220;{}&#8220;]<\/p>\n<h2>Video Making<\/h2>\n<p>[\/et_pb_text][et_pb_divider divider_weight=&#8220;2&#8243; _builder_version=&#8220;4.16&#8243; max_width=&#8220;10%&#8220; max_width_tablet=&#8220;&#8220; max_width_phone=&#8220;&#8220; max_width_last_edited=&#8220;on|phone&#8220; animation_style=&#8220;slide&#8220; animation_duration=&#8220;1200ms&#8220; global_colors_info=&#8220;{}&#8220;][\/et_pb_divider][et_pb_text _builder_version=&#8220;4.16&#8243; module_alignment=&#8220;center&#8220; animation_style=&#8220;slide&#8220; animation_direction=&#8220;top&#8220; animation_duration=&#8220;1200ms&#8220; global_colors_info=&#8220;{}&#8220;]Lorem ipsum dolor sit amet, consectetur adipiscing elit, sed do eiusmod tempor incididunt ut labore et dolore magna aliqua. Ut enim ad minim veniam, quis nostrud exercitation ullamco laboris nisi ut aliquip ex ea commodo consequat. Duis aute irure dolor in reprehenderit in voluptate velit esse cillum dolore eu fugiat nulla pariatur. Excepteur sint occaecat cupidatat non proident, sunt in culpa qui officia deserunt mollit anim id est laborum.<br \/>\n[\/et_pb_text][\/et_pb_column][\/et_pb_row][et_pb_row column_structure=&#8220;1_2,1_2&#8243; custom_padding_last_edited=&#8220;on|tablet&#8220; _builder_version=&#8220;4.16&#8243; custom_padding_tablet=&#8220;||0px|&#8220; custom_padding_phone=&#8220;&#8220; animation_direction=&#8220;top&#8220; global_colors_info=&#8220;{}&#8220;][et_pb_column type=&#8220;1_2&#8243; _builder_version=&#8220;4.16&#8243; custom_padding=&#8220;|||&#8220; global_colors_info=&#8220;{}&#8220; custom_padding__hover=&#8220;|||&#8220;][et_pb_image src=&#8220;https:\/\/pivnicki.com\/wp-content\/uploads\/2022\/06\/video-timeline.jpg&#8220; title_text=&#8220;video-timeline&#8220; align_tablet=&#8220;center&#8220; align_phone=&#8220;&#8220; align_last_edited=&#8220;on|desktop&#8220; _builder_version=&#8220;4.17.4&#8243; animation_style=&#8220;zoom&#8220; animation_duration=&#8220;1200ms&#8220; always_center_on_mobile=&#8220;on&#8220; global_colors_info=&#8220;{}&#8220;][\/et_pb_image][\/et_pb_column][et_pb_column type=&#8220;1_2&#8243; _builder_version=&#8220;4.16&#8243; custom_padding=&#8220;|||&#8220; global_colors_info=&#8220;{}&#8220; custom_padding__hover=&#8220;|||&#8220;][et_pb_text disabled_on=&#8220;on|on|on&#8220; _builder_version=&#8220;4.17.4&#8243; text_font=&#8220;|700|||||||&#8220; text_text_color=&#8220;#000000&#8243; header_2_font=&#8220;|700||on|||||&#8220; header_2_text_color=&#8220;#000000&#8243; header_2_font_size=&#8220;24px&#8220; custom_padding_tablet=&#8220;20px|||&#8220; custom_padding_phone=&#8220;&#8220; custom_padding_last_edited=&#8220;on|tablet&#8220; animation_direction=&#8220;right&#8220; disabled=&#8220;on&#8220; global_colors_info=&#8220;{}&#8220;]<\/p>\n<h2>We Keep The Process Simple<\/h2>\n<p>[\/et_pb_text][et_pb_divider divider_weight=&#8220;2&#8243; disabled_on=&#8220;on|on|on&#8220; _builder_version=&#8220;4.16&#8243; max_width=&#8220;10%&#8220; animation_style=&#8220;slide&#8220; animation_direction=&#8220;right&#8220; animation_duration=&#8220;1200ms&#8220; disabled=&#8220;on&#8220; global_colors_info=&#8220;{}&#8220;][\/et_pb_divider][et_pb_text _builder_version=&#8220;4.17.6&#8243; _module_preset=&#8220;default&#8220; global_colors_info=&#8220;{}&#8220;]<\/p>\n<h2>Proces izrade videa<\/h2>\n<p>Prvo: generalno kakav tip videa Vam treba, animacija logoa, prezentacija firme, video explainer, prodajni, najava za film&#8230;<br \/>\nGde \u0107ete pu\u0161tati\/objaviti video? Auditorijumi na razli\u010ditim platfomama (fb, ig, tiktok, youtube, tw&#8230;) su isto tako razli\u010diti, pa je bitno prilagoditi dizajn i dinamiku prikaza informacija odre\u0111enoj ciljnoj grupi.<\/p>\n<h2>Tehni\u010dki detalji videa<\/h2>\n<p>Rezolucija, FPS, kompresija. Nije problem ako niste sigurni. Navedite gde \u0107ete emitovati video i predlo\u017ei\u0107u optimalne vrednosti.<\/p>\n<h2>Storyboard<\/h2>\n<p>Storyboard koji dokument koji moramo imati. Kada je spreman, onda se mo\u017ee ta\u010dno definisati rok i bud\u017eet za posao. Naj\u010de\u0161\u0107e je dovoljna obi\u010dna google tabela sa popisom svih serursa, teksta itd.<\/p>\n<h2>Video &#8222;od nule&#8220; VS video kreiran sa video templejtom (After Effects, Premiere Pro, DaVinci Resolvei sl.)<\/h2>\n<p>Video can be created:<br \/>\n&#8211; video &#8222;od nule&#8220; &#8211; vi\u0161e vremena je potrebno i vi\u0161e ko\u0161ta<br \/>\n&#8211; od templejta &#8211; brzo je i ko\u0161ta manje<br \/>\n&#8211; kombinacija ta dva. Npr. uvodna \u0161pica od templejta, pa nastavak po scenariju\/storyboardu[\/et_pb_text][et_pb_blurb disabled_on=&#8220;on|on|on&#8220; _builder_version=&#8220;4.16&#8243; animation_style=&#8220;slide&#8220; animation_direction=&#8220;bottom&#8220; animation_duration=&#8220;1200ms&#8220; disabled=&#8220;on&#8220; global_colors_info=&#8220;{}&#8220;]Lorem ipsum dolor sit amet, consectetur adipiscing elit, sed do eiusmod tempor incididunt ut labore et dolore magna aliqua. Ut enim ad minim veniam, quis nostrud exercitation ullamco laboris nisi ut aliquip ex ea commodo consequat. Duis aute irure dolor in reprehenderit in voluptate velit esse cillum dolore eu fugiat nulla pariatur. Excepteur sint occaecat cupidatat non proident, sunt in culpa qui officia deserunt mollit anim id est laborum.<br \/>\n[\/et_pb_blurb][et_pb_button button_url=&#8220;https:\/\/pivnicki.com\/sr\/portfolio\/#video&#8220; button_text=&#8220;Portfolio&#8220; button_alignment=&#8220;left&#8220; _builder_version=&#8220;4.17.6&#8243; custom_button=&#8220;on&#8220; button_text_color=&#8220;#1080d0&#8243; button_border_color=&#8220;#1080d0&#8243; button_font=&#8220;|||on|||||&#8220; button_use_icon=&#8220;off&#8220; button_text_color_hover=&#8220;#ffffff&#8220; button_border_color_hover=&#8220;#1080d0&#8243; button_bg_color_hover=&#8220;#1080d0&#8243; saved_tabs=&#8220;all&#8220; global_colors_info=&#8220;{}&#8220; button_text_size__hover_enabled=&#8220;off&#8220; button_one_text_size__hover_enabled=&#8220;off&#8220; button_two_text_size__hover_enabled=&#8220;off&#8220; button_text_color__hover_enabled=&#8220;on&#8220; button_text_color__hover=&#8220;#ffffff&#8220; button_one_text_color__hover_enabled=&#8220;off&#8220; button_two_text_color__hover_enabled=&#8220;off&#8220; button_border_width__hover_enabled=&#8220;off&#8220; button_one_border_width__hover_enabled=&#8220;off&#8220; button_two_border_width__hover_enabled=&#8220;off&#8220; button_border_color__hover_enabled=&#8220;on&#8220; button_border_color__hover=&#8220;#1080d0&#8243; button_one_border_color__hover_enabled=&#8220;off&#8220; button_two_border_color__hover_enabled=&#8220;off&#8220; button_border_radius__hover_enabled=&#8220;off&#8220; button_one_border_radius__hover_enabled=&#8220;off&#8220; button_two_border_radius__hover_enabled=&#8220;off&#8220; button_letter_spacing__hover_enabled=&#8220;off&#8220; button_one_letter_spacing__hover_enabled=&#8220;off&#8220; button_two_letter_spacing__hover_enabled=&#8220;off&#8220; button_bg_color__hover_enabled=&#8220;on&#8220; button_bg_color__hover=&#8220;#1080d0&#8243; button_one_bg_color__hover_enabled=&#8220;off&#8220; button_two_bg_color__hover_enabled=&#8220;off&#8220;][\/et_pb_button][\/et_pb_column][\/et_pb_row][\/et_pb_section][et_pb_section fb_built=&#8220;1&#8243; custom_padding_last_edited=&#8220;off|tablet&#8220; _builder_version=&#8220;4.16&#8243; animation_direction=&#8220;right&#8220; global_colors_info=&#8220;{}&#8220;][et_pb_row custom_padding_last_edited=&#8220;on|phone&#8220; _builder_version=&#8220;4.16&#8243; custom_padding_tablet=&#8220;0px||0px|&#8220; custom_padding_phone=&#8220;&#8220; animation_direction=&#8220;left&#8220; global_colors_info=&#8220;{}&#8220;][et_pb_column type=&#8220;4_4&#8243; _builder_version=&#8220;4.16&#8243; custom_padding=&#8220;|||&#8220; global_colors_info=&#8220;{}&#8220; custom_padding__hover=&#8220;|||&#8220;][et_pb_text module_class=&#8220;mobile-text-left&#8220; _builder_version=&#8220;4.17.4&#8243; text_font=&#8220;|700|||||||&#8220; text_font_size=&#8220;24px&#8220; header_2_font=&#8220;|700||on|||||&#8220; header_2_text_align=&#8220;center&#8220; header_2_text_color=&#8220;#000000&#8243; header_2_font_size=&#8220;40px&#8220; text_orientation=&#8220;center&#8220; module_alignment=&#8220;center&#8220; header_2_font_size_tablet=&#8220;30px&#8220; header_2_font_size_phone=&#8220;26px&#8220; header_2_font_size_last_edited=&#8220;on|phone&#8220; global_colors_info=&#8220;{}&#8220;]<\/p>\n<h2>Doprite do vi\u0161e ljudi i pove\u0107ajte prodaju<\/h2>\n<p>[\/et_pb_text][et_pb_divider divider_weight=&#8220;2&#8243; module_class=&#8220;mobile-divider-left&#8220; _builder_version=&#8220;4.17.4&#8243; max_width=&#8220;10%&#8220; animation_direction=&#8220;right&#8220; global_colors_info=&#8220;{}&#8220;][\/et_pb_divider][\/et_pb_column][\/et_pb_row][et_pb_row column_structure=&#8220;1_3,1_3,1_3&#8243; custom_padding_last_edited=&#8220;on|desktop&#8220; _builder_version=&#8220;4.17.4&#8243; custom_padding_tablet=&#8220;0px||0px|&#8220; custom_padding_phone=&#8220;&#8220; global_colors_info=&#8220;{}&#8220;][et_pb_column type=&#8220;1_3&#8243; _builder_version=&#8220;4.16&#8243; custom_padding=&#8220;|||&#8220; global_colors_info=&#8220;{}&#8220; custom_padding__hover=&#8220;|||&#8220;][et_pb_blurb title=&#8220;Logo animacija&#8220; use_icon=&#8220;on&#8220; font_icon=&#8220;&#xf04b;||fa||900&#8243; icon_placement=&#8220;left&#8220; _builder_version=&#8220;4.17.6&#8243; header_font=&#8220;|||on|||||&#8220; animation_direction=&#8220;right&#8220; custom_css_blurb_title=&#8220;padding-top: 7px;&#8220; global_colors_info=&#8220;{}&#8220;][\/et_pb_blurb][et_pb_blurb title=&#8220;Corporate video&#8220; use_icon=&#8220;on&#8220; font_icon=&#8220;&#xf04b;||fa||900&#8243; icon_placement=&#8220;left&#8220; _builder_version=&#8220;4.17.4&#8243; header_font=&#8220;|||on|||||&#8220; animation_direction=&#8220;right&#8220; custom_css_blurb_title=&#8220;padding-top: 7px;&#8220; global_colors_info=&#8220;{}&#8220;][\/et_pb_blurb][\/et_pb_column][et_pb_column type=&#8220;1_3&#8243; _builder_version=&#8220;4.16&#8243; custom_padding=&#8220;|||&#8220; global_colors_info=&#8220;{}&#8220; custom_padding__hover=&#8220;|||&#8220;][et_pb_blurb title=&#8220;Video Explainer&#8220; use_icon=&#8220;on&#8220; font_icon=&#8220;&#xf04b;||fa||900&#8243; icon_placement=&#8220;left&#8220; _builder_version=&#8220;4.17.4&#8243; header_font=&#8220;|||on|||||&#8220; animation_direction=&#8220;right&#8220; custom_css_blurb_title=&#8220;padding-top: 7px;&#8220; global_colors_info=&#8220;{}&#8220;][\/et_pb_blurb][et_pb_blurb title=&#8220;Video za dru\u0161tvene mre\u017ee&#8220; use_icon=&#8220;on&#8220; font_icon=&#8220;&#xf04b;||fa||900&#8243; icon_placement=&#8220;left&#8220; _builder_version=&#8220;4.17.6&#8243; header_font=&#8220;|||on|||||&#8220; animation_direction=&#8220;right&#8220; custom_css_blurb_title=&#8220;padding-top: 7px;&#8220; global_colors_info=&#8220;{}&#8220;][\/et_pb_blurb][\/et_pb_column][et_pb_column type=&#8220;1_3&#8243; _builder_version=&#8220;4.16&#8243; custom_padding=&#8220;|||&#8220; global_colors_info=&#8220;{}&#8220; custom_padding__hover=&#8220;|||&#8220;][et_pb_blurb title=&#8220;Animirana infografika&#8220; use_icon=&#8220;on&#8220; font_icon=&#8220;&#xf04b;||fa||900&#8243; icon_placement=&#8220;left&#8220; _builder_version=&#8220;4.17.6&#8243; header_font=&#8220;|||on|||||&#8220; animation_direction=&#8220;right&#8220; custom_css_blurb_title=&#8220;padding-top: 7px;&#8220; global_colors_info=&#8220;{}&#8220;][\/et_pb_blurb][et_pb_blurb title=&#8220;TV and Live Video Streaming&#8220; use_icon=&#8220;on&#8220; font_icon=&#8220;&#xf04b;||fa||900&#8243; icon_placement=&#8220;left&#8220; _builder_version=&#8220;4.17.6&#8243; header_font=&#8220;|||on|||||&#8220; animation_direction=&#8220;right&#8220; custom_css_blurb_title=&#8220;padding-top: 7px;&#8220; global_colors_info=&#8220;{}&#8220;][\/et_pb_blurb][\/et_pb_column][\/et_pb_row][\/et_pb_section]<\/p>\n","protected":false},"excerpt":{"rendered":"<p>Video MakingLorem ipsum dolor sit amet, consectetur adipiscing elit, sed do eiusmod tempor incididunt ut labore et dolore magna aliqua. Ut enim ad minim veniam, quis nostrud exercitation ullamco laboris nisi ut aliquip ex ea commodo consequat. Duis aute irure dolor in reprehenderit in voluptate velit esse cillum dolore eu fugiat nulla pariatur. Excepteur sint [&hellip;]<\/p>\n","protected":false},"author":2,"featured_media":0,"parent":0,"menu_order":0,"comment_status":"closed","ping_status":"closed","template":"","meta":{"_et_pb_use_builder":"on","_et_pb_old_content":"","_et_gb_content_width":"","footnotes":""},"class_list":["post-984","page","type-page","status-publish","hentry"],"yoast_head":"<!-- This site is optimized with the Yoast SEO plugin v27.2 - https:\/\/yoast.com\/product\/yoast-seo-wordpress\/ -->\n<title>Animacija i video produkcija - Pivnicki.com<\/title>\n<meta name=\"robots\" content=\"index, follow, max-snippet:-1, max-image-preview:large, max-video-preview:-1\" \/>\n<link rel=\"canonical\" href=\"https:\/\/pivnicki.com\/sr\/animacija-i-video-produkcija\/\" \/>\n<meta property=\"og:locale\" content=\"sr_RS\" \/>\n<meta property=\"og:type\" content=\"article\" \/>\n<meta property=\"og:title\" content=\"Animacija i video produkcija - Pivnicki.com\" \/>\n<meta property=\"og:description\" content=\"Video MakingLorem ipsum dolor sit amet, consectetur adipiscing elit, sed do eiusmod tempor incididunt ut labore et dolore magna aliqua. Ut enim ad minim veniam, quis nostrud exercitation ullamco laboris nisi ut aliquip ex ea commodo consequat. Duis aute irure dolor in reprehenderit in voluptate velit esse cillum dolore eu fugiat nulla pariatur. Excepteur sint [&hellip;]\" \/>\n<meta property=\"og:url\" content=\"https:\/\/pivnicki.com\/sr\/animacija-i-video-produkcija\/\" \/>\n<meta property=\"og:site_name\" content=\"Pivnicki.com\" \/>\n<meta property=\"article:publisher\" content=\"https:\/\/www.facebook.com\/pivnickicom\" \/>\n<meta property=\"article:modified_time\" content=\"2023-01-12T02:50:31+00:00\" \/>\n<meta property=\"og:image\" content=\"https:\/\/pivnicki.com\/wp-content\/uploads\/2022\/06\/pivnicki-og-1024x538.png\" \/>\n<meta name=\"twitter:card\" content=\"summary_large_image\" \/>\n<meta name=\"twitter:label1\" content=\"Procenjeno vreme \u010ditanja\" \/>\n\t<meta name=\"twitter:data1\" content=\"8 minuta\" \/>\n<script type=\"application\/ld+json\" class=\"yoast-schema-graph\">{\"@context\":\"https:\/\/schema.org\",\"@graph\":[{\"@type\":\"WebPage\",\"@id\":\"https:\/\/pivnicki.com\/sr\/animacija-i-video-produkcija\/\",\"url\":\"https:\/\/pivnicki.com\/sr\/animacija-i-video-produkcija\/\",\"name\":\"Animacija i video produkcija - Pivnicki.com\",\"isPartOf\":{\"@id\":\"https:\/\/pivnicki.com\/sr\/#website\"},\"datePublished\":\"2017-11-16T05:05:57+00:00\",\"dateModified\":\"2023-01-12T02:50:31+00:00\",\"breadcrumb\":{\"@id\":\"https:\/\/pivnicki.com\/sr\/animacija-i-video-produkcija\/#breadcrumb\"},\"inLanguage\":\"sr-RS\",\"potentialAction\":[{\"@type\":\"ReadAction\",\"target\":[\"https:\/\/pivnicki.com\/sr\/animacija-i-video-produkcija\/\"]}]},{\"@type\":\"BreadcrumbList\",\"@id\":\"https:\/\/pivnicki.com\/sr\/animacija-i-video-produkcija\/#breadcrumb\",\"itemListElement\":[{\"@type\":\"ListItem\",\"position\":1,\"name\":\"Home\",\"item\":\"https:\/\/pivnicki.com\/sr\/\"},{\"@type\":\"ListItem\",\"position\":2,\"name\":\"Animacija i video produkcija\"}]},{\"@type\":\"WebSite\",\"@id\":\"https:\/\/pivnicki.com\/sr\/#website\",\"url\":\"https:\/\/pivnicki.com\/sr\/\",\"name\":\"Pivnicki.com\",\"description\":\"Djordje Pivnicki - Izrada videa i web sajtova\",\"publisher\":{\"@id\":\"https:\/\/pivnicki.com\/sr\/#\/schema\/person\/b48079977c0757b5cea1fcafba7ef74e\"},\"potentialAction\":[{\"@type\":\"SearchAction\",\"target\":{\"@type\":\"EntryPoint\",\"urlTemplate\":\"https:\/\/pivnicki.com\/sr\/?s={search_term_string}\"},\"query-input\":{\"@type\":\"PropertyValueSpecification\",\"valueRequired\":true,\"valueName\":\"search_term_string\"}}],\"inLanguage\":\"sr-RS\"},{\"@type\":[\"Person\",\"Organization\"],\"@id\":\"https:\/\/pivnicki.com\/sr\/#\/schema\/person\/b48079977c0757b5cea1fcafba7ef74e\",\"name\":\"djordje\",\"image\":{\"@type\":\"ImageObject\",\"inLanguage\":\"sr-RS\",\"@id\":\"https:\/\/pivnicki.com\/wp-content\/uploads\/2022\/06\/favicon.png\",\"url\":\"https:\/\/pivnicki.com\/wp-content\/uploads\/2022\/06\/favicon.png\",\"contentUrl\":\"https:\/\/pivnicki.com\/wp-content\/uploads\/2022\/06\/favicon.png\",\"width\":512,\"height\":512,\"caption\":\"djordje\"},\"logo\":{\"@id\":\"https:\/\/pivnicki.com\/wp-content\/uploads\/2022\/06\/favicon.png\"},\"sameAs\":[\"https:\/\/pivnicki.com\",\"https:\/\/www.facebook.com\/pivnickicom\",\"https:\/\/www.instagram.com\/pivnicki\",\"https:\/\/www.linkedin.com\/in\/pivnicki\/\",\"https:\/\/www.youtube.com\/c\/DjordjePivnicki\"]}]}<\/script>\n<!-- \/ Yoast SEO plugin. -->","yoast_head_json":{"title":"Animacija i video produkcija - Pivnicki.com","robots":{"index":"index","follow":"follow","max-snippet":"max-snippet:-1","max-image-preview":"max-image-preview:large","max-video-preview":"max-video-preview:-1"},"canonical":"https:\/\/pivnicki.com\/sr\/animacija-i-video-produkcija\/","og_locale":"sr_RS","og_type":"article","og_title":"Animacija i video produkcija - Pivnicki.com","og_description":"Video MakingLorem ipsum dolor sit amet, consectetur adipiscing elit, sed do eiusmod tempor incididunt ut labore et dolore magna aliqua. Ut enim ad minim veniam, quis nostrud exercitation ullamco laboris nisi ut aliquip ex ea commodo consequat. Duis aute irure dolor in reprehenderit in voluptate velit esse cillum dolore eu fugiat nulla pariatur. Excepteur sint [&hellip;]","og_url":"https:\/\/pivnicki.com\/sr\/animacija-i-video-produkcija\/","og_site_name":"Pivnicki.com","article_publisher":"https:\/\/www.facebook.com\/pivnickicom","article_modified_time":"2023-01-12T02:50:31+00:00","og_image":[{"url":"https:\/\/pivnicki.com\/wp-content\/uploads\/2022\/06\/pivnicki-og-1024x538.png","type":"","width":"","height":""}],"twitter_card":"summary_large_image","twitter_misc":{"Procenjeno vreme \u010ditanja":"8 minuta"},"schema":{"@context":"https:\/\/schema.org","@graph":[{"@type":"WebPage","@id":"https:\/\/pivnicki.com\/sr\/animacija-i-video-produkcija\/","url":"https:\/\/pivnicki.com\/sr\/animacija-i-video-produkcija\/","name":"Animacija i video produkcija - Pivnicki.com","isPartOf":{"@id":"https:\/\/pivnicki.com\/sr\/#website"},"datePublished":"2017-11-16T05:05:57+00:00","dateModified":"2023-01-12T02:50:31+00:00","breadcrumb":{"@id":"https:\/\/pivnicki.com\/sr\/animacija-i-video-produkcija\/#breadcrumb"},"inLanguage":"sr-RS","potentialAction":[{"@type":"ReadAction","target":["https:\/\/pivnicki.com\/sr\/animacija-i-video-produkcija\/"]}]},{"@type":"BreadcrumbList","@id":"https:\/\/pivnicki.com\/sr\/animacija-i-video-produkcija\/#breadcrumb","itemListElement":[{"@type":"ListItem","position":1,"name":"Home","item":"https:\/\/pivnicki.com\/sr\/"},{"@type":"ListItem","position":2,"name":"Animacija i video produkcija"}]},{"@type":"WebSite","@id":"https:\/\/pivnicki.com\/sr\/#website","url":"https:\/\/pivnicki.com\/sr\/","name":"Pivnicki.com","description":"Djordje Pivnicki - Izrada videa i web sajtova","publisher":{"@id":"https:\/\/pivnicki.com\/sr\/#\/schema\/person\/b48079977c0757b5cea1fcafba7ef74e"},"potentialAction":[{"@type":"SearchAction","target":{"@type":"EntryPoint","urlTemplate":"https:\/\/pivnicki.com\/sr\/?s={search_term_string}"},"query-input":{"@type":"PropertyValueSpecification","valueRequired":true,"valueName":"search_term_string"}}],"inLanguage":"sr-RS"},{"@type":["Person","Organization"],"@id":"https:\/\/pivnicki.com\/sr\/#\/schema\/person\/b48079977c0757b5cea1fcafba7ef74e","name":"djordje","image":{"@type":"ImageObject","inLanguage":"sr-RS","@id":"https:\/\/pivnicki.com\/wp-content\/uploads\/2022\/06\/favicon.png","url":"https:\/\/pivnicki.com\/wp-content\/uploads\/2022\/06\/favicon.png","contentUrl":"https:\/\/pivnicki.com\/wp-content\/uploads\/2022\/06\/favicon.png","width":512,"height":512,"caption":"djordje"},"logo":{"@id":"https:\/\/pivnicki.com\/wp-content\/uploads\/2022\/06\/favicon.png"},"sameAs":["https:\/\/pivnicki.com","https:\/\/www.facebook.com\/pivnickicom","https:\/\/www.instagram.com\/pivnicki","https:\/\/www.linkedin.com\/in\/pivnicki\/","https:\/\/www.youtube.com\/c\/DjordjePivnicki"]}]}},"_links":{"self":[{"href":"https:\/\/pivnicki.com\/sr\/wp-json\/wp\/v2\/pages\/984","targetHints":{"allow":["GET"]}}],"collection":[{"href":"https:\/\/pivnicki.com\/sr\/wp-json\/wp\/v2\/pages"}],"about":[{"href":"https:\/\/pivnicki.com\/sr\/wp-json\/wp\/v2\/types\/page"}],"author":[{"embeddable":true,"href":"https:\/\/pivnicki.com\/sr\/wp-json\/wp\/v2\/users\/2"}],"replies":[{"embeddable":true,"href":"https:\/\/pivnicki.com\/sr\/wp-json\/wp\/v2\/comments?post=984"}],"version-history":[{"count":6,"href":"https:\/\/pivnicki.com\/sr\/wp-json\/wp\/v2\/pages\/984\/revisions"}],"predecessor-version":[{"id":1247,"href":"https:\/\/pivnicki.com\/sr\/wp-json\/wp\/v2\/pages\/984\/revisions\/1247"}],"wp:attachment":[{"href":"https:\/\/pivnicki.com\/sr\/wp-json\/wp\/v2\/media?parent=984"}],"curies":[{"name":"wp","href":"https:\/\/api.w.org\/{rel}","templated":true}]}}