{"id":951,"date":"2017-11-16T06:36:23","date_gmt":"2017-11-16T05:36:23","guid":{"rendered":"https:\/\/pivnicki.com\/kontakt\/"},"modified":"2025-03-20T22:36:00","modified_gmt":"2025-03-20T21:36:00","slug":"kontakt","status":"publish","type":"page","link":"https:\/\/pivnicki.com\/sr\/kontakt\/","title":{"rendered":"Kontakt"},"content":{"rendered":"<p>[et_pb_section fb_built=&#8220;1&#8243; fullwidth=&#8220;on&#8220; module_class=&#8220;da-innerpage-header&#8220; _builder_version=&#8220;4.16&#8243; custom_css_main_element=&#8220;min-height: 50vh;&#8220; global_colors_info=&#8220;{}&#8220;][et_pb_fullwidth_header title=&#8220;Kontakt&#8220; text_orientation=&#8220;center&#8220; background_overlay_color=&#8220;rgba(0,0,0,0.7)&#8220; _builder_version=&#8220;4.17.4&#8243; title_font=&#8220;|||on|||||&#8220; title_text_align=&#8220;center&#8220; title_font_size=&#8220;70px&#8220; title_letter_spacing=&#8220;5px&#8220; title_line_height=&#8220;1.2em&#8220; background_color=&#8220;rgba(255, 255, 255, 0)&#8220; background_image=&#8220;https:\/\/pivnicki.com\/wp-content\/uploads\/2022\/02\/divi-agency-inner-header.jpg&#8220; title_font_size_tablet=&#8220;40px&#8220; title_font_size_phone=&#8220;30px&#8220; title_font_size_last_edited=&#8220;on|desktop&#8220; custom_css_main_element=&#8220;min-height: 70vh;&#8220; custom_css_title=&#8220;margin-bottom: 25px;&#8220; global_colors_info=&#8220;{}&#8220; button_one_text_size__hover_enabled=&#8220;off&#8220; button_two_text_size__hover_enabled=&#8220;off&#8220; button_one_text_color__hover_enabled=&#8220;off&#8220; button_two_text_color__hover_enabled=&#8220;off&#8220; button_one_border_width__hover_enabled=&#8220;off&#8220; button_two_border_width__hover_enabled=&#8220;off&#8220; button_one_border_color__hover_enabled=&#8220;off&#8220; button_two_border_color__hover_enabled=&#8220;off&#8220; button_one_border_radius__hover_enabled=&#8220;off&#8220; button_two_border_radius__hover_enabled=&#8220;off&#8220; button_one_letter_spacing__hover_enabled=&#8220;off&#8220; button_two_letter_spacing__hover_enabled=&#8220;off&#8220; button_one_bg_color__hover_enabled=&#8220;off&#8220; button_two_bg_color__hover_enabled=&#8220;off&#8220;]<\/p>\n<p><img decoding=\"async\" src=\"https:\/\/pivnicki.com\/wp-content\/uploads\/2022\/06\/pivnicki-logo-200x200px.png\" width=\"200\" height=\"200\" alt=\"\" class=\"wp-image-725 alignnone size-full\" srcset=\"https:\/\/pivnicki.com\/wp-content\/uploads\/2022\/06\/pivnicki-logo-200x200px.png 200w, https:\/\/pivnicki.com\/wp-content\/uploads\/2022\/06\/pivnicki-logo-200x200px-150x150.png 150w\" sizes=\"(max-width: 200px) 100vw, 200px\" \/><\/p>\n<p>[\/et_pb_fullwidth_header][\/et_pb_section][et_pb_section fb_built=&#8220;1&#8243; fullwidth=&#8220;on&#8220; _builder_version=&#8220;4.16&#8243; global_colors_info=&#8220;{}&#8220;][et_pb_fullwidth_map address=&#8220;United States&#8220; address_lat=&#8220;37.09024&#8243; address_lng=&#8220;-95.71289100000001&#8243; disabled_on=&#8220;on|on|on&#8220; _builder_version=&#8220;4.16&#8243; custom_margin_tablet=&#8220;&#8220; custom_margin_phone=&#8220;&#8220; custom_margin_last_edited=&#8220;on|phone&#8220; custom_padding_tablet=&#8220;&#8220; custom_padding_phone=&#8220;&#8220; custom_padding_last_edited=&#8220;on|desktop&#8220; disabled=&#8220;on&#8220; global_colors_info=&#8220;{}&#8220;][et_pb_map_pin pin_address=&#8220;Los Angeles, CA, USA&#8220; pin_address_lat=&#8220;34.0522342&#8243; pin_address_lng=&#8220;-118.2436849&#8243; _builder_version=&#8220;3.0.89&#8243; global_colors_info=&#8220;{}&#8220;][\/et_pb_map_pin][\/et_pb_fullwidth_map][\/et_pb_section][et_pb_section fb_built=&#8220;1&#8243; custom_padding_last_edited=&#8220;on|desktop&#8220; _builder_version=&#8220;4.16&#8243; custom_padding_tablet=&#8220;&#8220; custom_padding_phone=&#8220;&#8220; global_colors_info=&#8220;{}&#8220;][et_pb_row custom_padding_last_edited=&#8220;on|phone&#8220; module_class=&#8220;contact-form-row&#8220; _builder_version=&#8220;4.17.4&#8243; custom_padding_tablet=&#8220;&#8220; custom_padding_phone=&#8220;&#8220; global_colors_info=&#8220;{}&#8220;][et_pb_column type=&#8220;4_4&#8243; _builder_version=&#8220;4.16&#8243; custom_padding=&#8220;|||&#8220; global_colors_info=&#8220;{}&#8220; custom_padding__hover=&#8220;|||&#8220;][et_pb_text _builder_version=&#8220;4.17.4&#8243; text_font=&#8220;|600|||||||&#8220; text_line_height=&#8220;1em&#8220; header_font=&#8220;|600|||||||&#8220; header_text_color=&#8220;#000000&#8243; header_font_size=&#8220;40px&#8220; header_2_font=&#8220;|700||on|||||&#8220; header_2_text_color=&#8220;#000000&#8243; header_2_font_size=&#8220;40px&#8220; text_orientation=&#8220;center&#8220; module_alignment=&#8220;center&#8220; animation_direction=&#8220;top&#8220; header_font_size_tablet=&#8220;&#8220; header_font_size_phone=&#8220;26px&#8220; header_font_size_last_edited=&#8220;on|phone&#8220; header_2_font_size_tablet=&#8220;30px&#8220; header_2_font_size_phone=&#8220;26px&#8220; header_2_font_size_last_edited=&#8220;on|phone&#8220; global_colors_info=&#8220;{}&#8220;]<\/p>\n<h2>Pi\u0161ite mi<\/h2>\n<p>Molim Vas objasnite ukratko kako Vam mogu pomo\u0107i.<br \/>Odgovori\u0107u \u0161to je pre mogu\u0107e.<\/p>\n<p>[\/et_pb_text][et_pb_divider divider_weight=&#8220;2&#8243; _builder_version=&#8220;4.16&#8243; max_width=&#8220;10%&#8220; module_alignment=&#8220;center&#8220; global_colors_info=&#8220;{}&#8220;][\/et_pb_divider][et_pb_text _builder_version=&#8220;4.17.4&#8243; _module_preset=&#8220;default&#8220; global_colors_info=&#8220;{}&#8220;]Preuzmite moje <a href=\"https:\/\/pivnicki.com\/dl\/docs\/djordje-pivnicki-business-details.pdf\" target=\"_blank\" rel=\"noopener\" title=\"djordje-pivnicki-business-details.pdf\">poslovne podatke<\/a>.[\/et_pb_text][dvppl_cf7_styler cf7=&#8220;1005&#8243; _builder_version=&#8220;4.17.6&#8243; _module_preset=&#8220;default&#8220; global_colors_info=&#8220;{}&#8220;][\/dvppl_cf7_styler][\/et_pb_column][\/et_pb_row][\/et_pb_section][et_pb_section fb_built=&#8220;1&#8243; custom_padding_last_edited=&#8220;on|desktop&#8220; _builder_version=&#8220;4.16&#8243; custom_padding=&#8220;0px||0px|&#8220; custom_padding_tablet=&#8220;&#8220; custom_padding_phone=&#8220;&#8220; global_colors_info=&#8220;{}&#8220;][et_pb_row column_structure=&#8220;1_3,1_3,1_3&#8243; _builder_version=&#8220;4.16&#8243; custom_padding=&#8220;0px||0px|&#8220; global_colors_info=&#8220;{}&#8220;][et_pb_column type=&#8220;1_3&#8243; _builder_version=&#8220;4.16&#8243; custom_padding=&#8220;|||&#8220; global_colors_info=&#8220;{}&#8220; custom_padding__hover=&#8220;|||&#8220;][et_pb_blurb title=&#8220;Telefon&#8220; use_icon=&#8220;on&#8220; font_icon=&#8220;&#xe00b;||divi||400&#8243; image_icon_width=&#8220;40px&#8220; module_class=&#8220;con&#8220; _builder_version=&#8220;4.17.4&#8243; header_font=&#8220;|700||on|||||&#8220; header_text_align=&#8220;center&#8220; text_orientation=&#8220;center&#8220; custom_margin=&#8220;20px|0px|10px|0px&#8220; custom_margin_tablet=&#8220;&#8220; custom_margin_phone=&#8220;|0px||0px&#8220; custom_margin_last_edited=&#8220;on|phone&#8220; custom_padding=&#8220;50px|15px|50px|15px&#8220; custom_padding_tablet=&#8220;&#8220; custom_padding_phone=&#8220;0px|15px|0px|15px&#8220; custom_padding_last_edited=&#8220;on|phone&#8220; animation_direction=&#8220;top&#8220; icon_font_size=&#8220;40px&#8220; global_colors_info=&#8220;{}&#8220;]<\/p>\n<p>+381 64 200 84 13<br \/>Viber \/ WhatsApp \/ Signal \/ Telegram<\/p>\n<p>[\/et_pb_blurb][\/et_pb_column][et_pb_column type=&#8220;1_3&#8243; module_class=&#8220;border-blur &#8220; _builder_version=&#8220;4.16&#8243; custom_padding=&#8220;|||&#8220; global_colors_info=&#8220;{}&#8220; custom_padding__hover=&#8220;|||&#8220;][et_pb_blurb title=&#8220;Email&#8220; use_icon=&#8220;on&#8220; font_icon=&#8220;&#xe010;||divi||400&#8243; image_icon_width=&#8220;40px&#8220; _builder_version=&#8220;4.17.4&#8243; header_font=&#8220;|700||on|||||&#8220; text_orientation=&#8220;center&#8220; custom_margin=&#8220;20px|0px|10px|0px&#8220; custom_margin_tablet=&#8220;&#8220; custom_margin_phone=&#8220;|0px||0px&#8220; custom_margin_last_edited=&#8220;on|phone&#8220; custom_padding=&#8220;50px|15px|50px|15px&#8220; custom_padding_tablet=&#8220;&#8220; custom_padding_phone=&#8220;0px|15px|0px|15px&#8220; custom_padding_last_edited=&#8220;on|phone&#8220; animation_direction=&#8220;bottom&#8220; icon_font_size=&#8220;40px&#8220; global_colors_info=&#8220;{}&#8220;]<\/p>\n<p>djordje@pivnicki.com<\/p>\n<p>[\/et_pb_blurb][\/et_pb_column][et_pb_column type=&#8220;1_3&#8243; module_class=&#8220;border-blur &#8220; _builder_version=&#8220;4.16&#8243; custom_padding=&#8220;|||&#8220; global_colors_info=&#8220;{}&#8220; custom_padding__hover=&#8220;|||&#8220;][et_pb_blurb title=&#8220;Lokacija&#8220; use_icon=&#8220;on&#8220; font_icon=&#8220;&#xe01d;||divi||400&#8243; image_icon_width=&#8220;40px&#8220; _builder_version=&#8220;4.17.4&#8243; header_font=&#8220;|700||on|||||&#8220; body_text_align=&#8220;center&#8220; text_orientation=&#8220;center&#8220; custom_margin=&#8220;20px|0px|10px|0px&#8220; custom_padding=&#8220;50px|15px|50px|15px&#8220; custom_padding_tablet=&#8220;&#8220; custom_padding_phone=&#8220;0px|15px|15px|15px&#8220; custom_padding_last_edited=&#8220;on|phone&#8220; animation_direction=&#8220;top&#8220; icon_font_size=&#8220;40px&#8220; global_colors_info=&#8220;{}&#8220;]<\/p>\n<p>Be\u010dej, Srbija<\/p>\n<p>[\/et_pb_blurb][\/et_pb_column][\/et_pb_row][\/et_pb_section]<\/p>\n","protected":false},"excerpt":{"rendered":"<p>Pi\u0161ite mi Molim Vas objasnite ukratko kako Vam mogu pomo\u0107i.Odgovori\u0107u \u0161to je pre mogu\u0107e.Preuzmite moje poslovne podatke.<div class=\"et_pb_module dvppl_cf7_styler dvppl_cf7_styler_0\">\n\t\t\t\t\n\t\t\t\t\n\t\t\t\t\n\t\t\t\t\n\t\t\t\t\n\t\t\t\t\n\t\t\t\t<div class=\"et_pb_module_inner\">\n\t\t\t\t\t<div class=\"dipe-cf7-container dipe-cf7-button-left\">\n\t\t\t\t\n\t\t\t\t<div class=\"dipe-cf7 dipe-cf7-styler \">\n\t\t\t\t\t\n<div class=\"wpcf7 no-js\" id=\"wpcf7-f1005-o1\" lang=\"en-US\" dir=\"ltr\" data-wpcf7-id=\"1005\">\n<div class=\"screen-reader-response\"><p role=\"status\" aria-live=\"polite\" aria-atomic=\"true\"><\/p> <ul><\/ul><\/div>\n<form action=\"\/sr\/wp-json\/wp\/v2\/pages\/951#wpcf7-f1005-o1\" method=\"post\" class=\"wpcf7-form init\" aria-label=\"Contact form\" novalidate=\"novalidate\" data-status=\"init\">\n<fieldset class=\"hidden-fields-container\"><input type=\"hidden\" name=\"_wpcf7\" value=\"1005\" \/><input type=\"hidden\" name=\"_wpcf7_version\" value=\"6.1.5\" \/><input type=\"hidden\" name=\"_wpcf7_locale\" value=\"en_US\" \/><input type=\"hidden\" name=\"_wpcf7_unit_tag\" value=\"wpcf7-f1005-o1\" \/><input type=\"hidden\" name=\"_wpcf7_container_post\" value=\"0\" \/><input type=\"hidden\" name=\"_wpcf7_posted_data_hash\" value=\"\" \/><input type=\"hidden\" name=\"_wpcf7_recaptcha_response\" value=\"\" \/>\n<\/fieldset>\n<div class=\"cf7m-row\">\n<div class=\"cf7m-col cf7m-col-12 cf7m-col-md-6 cf7m-col-lg-6\">\n<label> Va\u0161e ime i prezime\n    <span class=\"wpcf7-form-control-wrap\" data-name=\"your-name\"><input size=\"40\" maxlength=\"400\" class=\"wpcf7-form-control wpcf7-text wpcf7-validates-as-required\" aria-required=\"true\" aria-invalid=\"false\" value=\"\" type=\"text\" name=\"your-name\" \/><\/span> <\/label>\n\n<label> Va\u0161a e-mail adresa\n    <span class=\"wpcf7-form-control-wrap\" data-name=\"your-email\"><input size=\"40\" maxlength=\"400\" class=\"wpcf7-form-control wpcf7-email wpcf7-validates-as-required wpcf7-text wpcf7-validates-as-email\" aria-required=\"true\" aria-invalid=\"false\" value=\"\" type=\"email\" name=\"your-email\" \/><\/span> <\/label>\n\n<label> Naslov\n    <span class=\"wpcf7-form-control-wrap\" data-name=\"your-subject\"><input size=\"40\" maxlength=\"400\" class=\"wpcf7-form-control wpcf7-text wpcf7-validates-as-required\" aria-required=\"true\" aria-invalid=\"false\" value=\"\" type=\"text\" name=\"your-subject\" \/><\/span> <\/label>\n<\/div>\n\n<\/div>\n<label> Va\u0161a poruka\n    <span class=\"wpcf7-form-control-wrap\" data-name=\"your-message\"><textarea cols=\"40\" rows=\"10\" maxlength=\"2000\" class=\"wpcf7-form-control wpcf7-textarea wpcf7-validates-as-required\" aria-required=\"true\" aria-invalid=\"false\" name=\"your-message\"><\/textarea><\/span> <\/label>\n<input type=\"hidden\" name=\"_wpcf7_captcha_challenge_captcha-1\" value=\"224757313\" \/><img decoding=\"async\" class=\"wpcf7-form-control wpcf7-captchac wpcf7-captcha-captcha-1\" width=\"72\" height=\"24\" alt=\"captcha\" src=\"https:\/\/pivnicki.com\/wp-content\/uploads\/wpcf7_captcha\/224757313.png\" \/> <span class=\"wpcf7-form-control-wrap\" data-name=\"captcha-1\"><input size=\"40\" class=\"wpcf7-form-control wpcf7-captchar\" autocomplete=\"off\" aria-invalid=\"false\" value=\"\" type=\"text\" name=\"captcha-1\" \/><\/span>\n<input class=\"wpcf7-form-control wpcf7-submit has-spinner\" type=\"submit\" value=\"slanje\" \/>\n\n<span id=\"wpcf7-69d5a840aa9ca-wrapper\" class=\"wpcf7-form-control-wrap honeypot-155-wrap\" style=\"display:none !important; visibility:hidden !important;\"><label for=\"wpcf7-69d5a840aa9ca-field\" class=\"hp-message\">Please leave this field empty.<\/label><input id=\"wpcf7-69d5a840aa9ca-field\"  class=\"wpcf7-form-control wpcf7-text\" type=\"text\" name=\"honeypot-155\" value=\"\" size=\"40\" tabindex=\"-1\" autocomplete=\"new-password\" \/><\/span><p style=\"display: none !important;\" class=\"akismet-fields-container\" data-prefix=\"_wpcf7_ak_\"><label>&#916;<textarea name=\"_wpcf7_ak_hp_textarea\" cols=\"45\" rows=\"8\" maxlength=\"100\"><\/textarea><\/label><input type=\"hidden\" id=\"ak_js_1\" name=\"_wpcf7_ak_js\" value=\"228\"\/><script>document.getElementById( \"ak_js_1\" ).setAttribute( \"value\", ( new Date() ).getTime() );<\/script><\/p><div class=\"wpcf7-response-output\" aria-hidden=\"true\"><\/div>\n<\/form>\n<\/div>\n\n\t\t\t\t<\/div>\n\t\t\t<\/div>\n\t\t\t\t<\/div>\n\t\t\t<\/div>+381 64 200 84 13Viber \/ WhatsApp \/ Signal \/ Telegramdjordje@pivnicki.comBe\u010dej, Srbija<\/p>\n","protected":false},"author":2,"featured_media":0,"parent":0,"menu_order":0,"comment_status":"closed","ping_status":"closed","template":"","meta":{"_et_pb_use_builder":"on","_et_pb_old_content":"","_et_gb_content_width":"","footnotes":""},"class_list":["post-951","page","type-page","status-publish","hentry"],"yoast_head":"<!-- This site is optimized with the Yoast SEO plugin v27.2 - https:\/\/yoast.com\/product\/yoast-seo-wordpress\/ -->\n<title>Kontakt - Pivnicki.com<\/title>\n<meta name=\"robots\" content=\"index, follow, max-snippet:-1, max-image-preview:large, max-video-preview:-1\" \/>\n<link rel=\"canonical\" href=\"https:\/\/pivnicki.com\/sr\/kontakt\/\" \/>\n<meta property=\"og:locale\" content=\"sr_RS\" \/>\n<meta property=\"og:type\" content=\"article\" \/>\n<meta property=\"og:title\" content=\"Pivnicki.com\" \/>\n<meta property=\"og:description\" content=\"Djordje Pivnicki - Kontakt\" \/>\n<meta property=\"og:url\" content=\"https:\/\/pivnicki.com\/sr\/kontakt\/\" \/>\n<meta property=\"og:site_name\" content=\"Pivnicki.com\" \/>\n<meta property=\"article:publisher\" content=\"https:\/\/www.facebook.com\/pivnickicom\" \/>\n<meta property=\"article:modified_time\" content=\"2025-03-20T21:36:00+00:00\" \/>\n<meta property=\"og:image\" content=\"https:\/\/pivnicki.com\/wp-content\/uploads\/2022\/06\/pivnicki-og-1024x538.png\" \/>\n<meta name=\"twitter:card\" content=\"summary_large_image\" \/>\n<meta name=\"twitter:label1\" content=\"Procenjeno vreme \u010ditanja\" \/>\n\t<meta name=\"twitter:data1\" content=\"4 minuta\" \/>\n<script type=\"application\/ld+json\" class=\"yoast-schema-graph\">{\"@context\":\"https:\/\/schema.org\",\"@graph\":[{\"@type\":\"WebPage\",\"@id\":\"https:\/\/pivnicki.com\/sr\/kontakt\/\",\"url\":\"https:\/\/pivnicki.com\/sr\/kontakt\/\",\"name\":\"Kontakt - Pivnicki.com\",\"isPartOf\":{\"@id\":\"https:\/\/pivnicki.com\/sr\/#website\"},\"primaryImageOfPage\":{\"@id\":\"https:\/\/pivnicki.com\/sr\/kontakt\/#primaryimage\"},\"image\":{\"@id\":\"https:\/\/pivnicki.com\/sr\/kontakt\/#primaryimage\"},\"thumbnailUrl\":\"https:\/\/pivnicki.com\/wp-content\/uploads\/2022\/06\/pivnicki-logo-200x200px.png\",\"datePublished\":\"2017-11-16T05:36:23+00:00\",\"dateModified\":\"2025-03-20T21:36:00+00:00\",\"breadcrumb\":{\"@id\":\"https:\/\/pivnicki.com\/sr\/kontakt\/#breadcrumb\"},\"inLanguage\":\"sr-RS\",\"potentialAction\":[{\"@type\":\"ReadAction\",\"target\":[\"https:\/\/pivnicki.com\/sr\/kontakt\/\"]}]},{\"@type\":\"ImageObject\",\"inLanguage\":\"sr-RS\",\"@id\":\"https:\/\/pivnicki.com\/sr\/kontakt\/#primaryimage\",\"url\":\"https:\/\/pivnicki.com\/wp-content\/uploads\/2022\/06\/pivnicki-logo-200x200px.png\",\"contentUrl\":\"https:\/\/pivnicki.com\/wp-content\/uploads\/2022\/06\/pivnicki-logo-200x200px.png\"},{\"@type\":\"BreadcrumbList\",\"@id\":\"https:\/\/pivnicki.com\/sr\/kontakt\/#breadcrumb\",\"itemListElement\":[{\"@type\":\"ListItem\",\"position\":1,\"name\":\"Home\",\"item\":\"https:\/\/pivnicki.com\/sr\/\"},{\"@type\":\"ListItem\",\"position\":2,\"name\":\"Kontakt\"}]},{\"@type\":\"WebSite\",\"@id\":\"https:\/\/pivnicki.com\/sr\/#website\",\"url\":\"https:\/\/pivnicki.com\/sr\/\",\"name\":\"Pivnicki.com\",\"description\":\"Djordje Pivnicki - Izrada videa i web sajtova\",\"publisher\":{\"@id\":\"https:\/\/pivnicki.com\/sr\/#\/schema\/person\/b48079977c0757b5cea1fcafba7ef74e\"},\"potentialAction\":[{\"@type\":\"SearchAction\",\"target\":{\"@type\":\"EntryPoint\",\"urlTemplate\":\"https:\/\/pivnicki.com\/sr\/?s={search_term_string}\"},\"query-input\":{\"@type\":\"PropertyValueSpecification\",\"valueRequired\":true,\"valueName\":\"search_term_string\"}}],\"inLanguage\":\"sr-RS\"},{\"@type\":[\"Person\",\"Organization\"],\"@id\":\"https:\/\/pivnicki.com\/sr\/#\/schema\/person\/b48079977c0757b5cea1fcafba7ef74e\",\"name\":\"djordje\",\"image\":{\"@type\":\"ImageObject\",\"inLanguage\":\"sr-RS\",\"@id\":\"https:\/\/pivnicki.com\/wp-content\/uploads\/2022\/06\/favicon.png\",\"url\":\"https:\/\/pivnicki.com\/wp-content\/uploads\/2022\/06\/favicon.png\",\"contentUrl\":\"https:\/\/pivnicki.com\/wp-content\/uploads\/2022\/06\/favicon.png\",\"width\":512,\"height\":512,\"caption\":\"djordje\"},\"logo\":{\"@id\":\"https:\/\/pivnicki.com\/wp-content\/uploads\/2022\/06\/favicon.png\"},\"sameAs\":[\"https:\/\/pivnicki.com\",\"https:\/\/www.facebook.com\/pivnickicom\",\"https:\/\/www.instagram.com\/pivnicki\",\"https:\/\/www.linkedin.com\/in\/pivnicki\/\",\"https:\/\/www.youtube.com\/c\/DjordjePivnicki\"]}]}<\/script>\n<!-- \/ Yoast SEO plugin. -->","yoast_head_json":{"title":"Kontakt - Pivnicki.com","robots":{"index":"index","follow":"follow","max-snippet":"max-snippet:-1","max-image-preview":"max-image-preview:large","max-video-preview":"max-video-preview:-1"},"canonical":"https:\/\/pivnicki.com\/sr\/kontakt\/","og_locale":"sr_RS","og_type":"article","og_title":"Pivnicki.com","og_description":"Djordje Pivnicki - Kontakt","og_url":"https:\/\/pivnicki.com\/sr\/kontakt\/","og_site_name":"Pivnicki.com","article_publisher":"https:\/\/www.facebook.com\/pivnickicom","article_modified_time":"2025-03-20T21:36:00+00:00","og_image":[{"url":"https:\/\/pivnicki.com\/wp-content\/uploads\/2022\/06\/pivnicki-og-1024x538.png","type":"","width":"","height":""}],"twitter_card":"summary_large_image","twitter_misc":{"Procenjeno vreme \u010ditanja":"4 minuta"},"schema":{"@context":"https:\/\/schema.org","@graph":[{"@type":"WebPage","@id":"https:\/\/pivnicki.com\/sr\/kontakt\/","url":"https:\/\/pivnicki.com\/sr\/kontakt\/","name":"Kontakt - Pivnicki.com","isPartOf":{"@id":"https:\/\/pivnicki.com\/sr\/#website"},"primaryImageOfPage":{"@id":"https:\/\/pivnicki.com\/sr\/kontakt\/#primaryimage"},"image":{"@id":"https:\/\/pivnicki.com\/sr\/kontakt\/#primaryimage"},"thumbnailUrl":"https:\/\/pivnicki.com\/wp-content\/uploads\/2022\/06\/pivnicki-logo-200x200px.png","datePublished":"2017-11-16T05:36:23+00:00","dateModified":"2025-03-20T21:36:00+00:00","breadcrumb":{"@id":"https:\/\/pivnicki.com\/sr\/kontakt\/#breadcrumb"},"inLanguage":"sr-RS","potentialAction":[{"@type":"ReadAction","target":["https:\/\/pivnicki.com\/sr\/kontakt\/"]}]},{"@type":"ImageObject","inLanguage":"sr-RS","@id":"https:\/\/pivnicki.com\/sr\/kontakt\/#primaryimage","url":"https:\/\/pivnicki.com\/wp-content\/uploads\/2022\/06\/pivnicki-logo-200x200px.png","contentUrl":"https:\/\/pivnicki.com\/wp-content\/uploads\/2022\/06\/pivnicki-logo-200x200px.png"},{"@type":"BreadcrumbList","@id":"https:\/\/pivnicki.com\/sr\/kontakt\/#breadcrumb","itemListElement":[{"@type":"ListItem","position":1,"name":"Home","item":"https:\/\/pivnicki.com\/sr\/"},{"@type":"ListItem","position":2,"name":"Kontakt"}]},{"@type":"WebSite","@id":"https:\/\/pivnicki.com\/sr\/#website","url":"https:\/\/pivnicki.com\/sr\/","name":"Pivnicki.com","description":"Djordje Pivnicki - Izrada videa i web sajtova","publisher":{"@id":"https:\/\/pivnicki.com\/sr\/#\/schema\/person\/b48079977c0757b5cea1fcafba7ef74e"},"potentialAction":[{"@type":"SearchAction","target":{"@type":"EntryPoint","urlTemplate":"https:\/\/pivnicki.com\/sr\/?s={search_term_string}"},"query-input":{"@type":"PropertyValueSpecification","valueRequired":true,"valueName":"search_term_string"}}],"inLanguage":"sr-RS"},{"@type":["Person","Organization"],"@id":"https:\/\/pivnicki.com\/sr\/#\/schema\/person\/b48079977c0757b5cea1fcafba7ef74e","name":"djordje","image":{"@type":"ImageObject","inLanguage":"sr-RS","@id":"https:\/\/pivnicki.com\/wp-content\/uploads\/2022\/06\/favicon.png","url":"https:\/\/pivnicki.com\/wp-content\/uploads\/2022\/06\/favicon.png","contentUrl":"https:\/\/pivnicki.com\/wp-content\/uploads\/2022\/06\/favicon.png","width":512,"height":512,"caption":"djordje"},"logo":{"@id":"https:\/\/pivnicki.com\/wp-content\/uploads\/2022\/06\/favicon.png"},"sameAs":["https:\/\/pivnicki.com","https:\/\/www.facebook.com\/pivnickicom","https:\/\/www.instagram.com\/pivnicki","https:\/\/www.linkedin.com\/in\/pivnicki\/","https:\/\/www.youtube.com\/c\/DjordjePivnicki"]}]}},"_links":{"self":[{"href":"https:\/\/pivnicki.com\/sr\/wp-json\/wp\/v2\/pages\/951","targetHints":{"allow":["GET"]}}],"collection":[{"href":"https:\/\/pivnicki.com\/sr\/wp-json\/wp\/v2\/pages"}],"about":[{"href":"https:\/\/pivnicki.com\/sr\/wp-json\/wp\/v2\/types\/page"}],"author":[{"embeddable":true,"href":"https:\/\/pivnicki.com\/sr\/wp-json\/wp\/v2\/users\/2"}],"replies":[{"embeddable":true,"href":"https:\/\/pivnicki.com\/sr\/wp-json\/wp\/v2\/comments?post=951"}],"version-history":[{"count":8,"href":"https:\/\/pivnicki.com\/sr\/wp-json\/wp\/v2\/pages\/951\/revisions"}],"predecessor-version":[{"id":1913,"href":"https:\/\/pivnicki.com\/sr\/wp-json\/wp\/v2\/pages\/951\/revisions\/1913"}],"wp:attachment":[{"href":"https:\/\/pivnicki.com\/sr\/wp-json\/wp\/v2\/media?parent=951"}],"curies":[{"name":"wp","href":"https:\/\/api.w.org\/{rel}","templated":true}]}}