{"id":950,"date":"2017-11-16T06:07:15","date_gmt":"2017-11-16T05:07:15","guid":{"rendered":"https:\/\/pivnicki.com\/izrada-wordpress-sajtova\/"},"modified":"2023-01-12T03:50:51","modified_gmt":"2023-01-12T02:50:51","slug":"izrada-wordpress-sajtova","status":"publish","type":"page","link":"https:\/\/pivnicki.com\/sr\/izrada-wordpress-sajtova\/","title":{"rendered":"Izrada WordPress sajtova"},"content":{"rendered":"<p>[et_pb_section fb_built=&#8220;1&#8243; fullwidth=&#8220;on&#8220; module_class=&#8220;da-innerpage-header&#8220; _builder_version=&#8220;4.16&#8243; custom_css_main_element=&#8220;min-height: 50vh;&#8220; locked=&#8220;off&#8220; global_colors_info=&#8220;{}&#8220;][et_pb_fullwidth_header title=&#8220;Izrada WordPress Sajtova&#8220; text_orientation=&#8220;center&#8220; background_overlay_color=&#8220;rgba(0,0,0,0.7)&#8220; _builder_version=&#8220;4.19.4&#8243; title_font=&#8220;|||on|||||&#8220; title_text_align=&#8220;center&#8220; title_font_size=&#8220;70px&#8220; title_letter_spacing=&#8220;5px&#8220; title_line_height=&#8220;1.2em&#8220; background_color=&#8220;rgba(255, 255, 255, 0)&#8220; background_image=&#8220;https:\/\/pivnicki.com\/wp-content\/uploads\/2023\/01\/header2k23.jpg&#8220; parallax=&#8220;on&#8220; hover_enabled=&#8220;0&#8243; title_font_size_tablet=&#8220;40px&#8220; title_font_size_phone=&#8220;30px&#8220; title_font_size_last_edited=&#8220;on|desktop&#8220; custom_css_main_element=&#8220;min-height: 70vh;&#8220; custom_css_title=&#8220;margin-bottom: 25px;&#8220; global_colors_info=&#8220;{}&#8220; button_one_text_size__hover_enabled=&#8220;off&#8220; button_two_text_size__hover_enabled=&#8220;off&#8220; button_one_text_color__hover_enabled=&#8220;off&#8220; button_two_text_color__hover_enabled=&#8220;off&#8220; button_one_border_width__hover_enabled=&#8220;off&#8220; button_two_border_width__hover_enabled=&#8220;off&#8220; button_one_border_color__hover_enabled=&#8220;off&#8220; button_two_border_color__hover_enabled=&#8220;off&#8220; button_one_border_radius__hover_enabled=&#8220;off&#8220; button_two_border_radius__hover_enabled=&#8220;off&#8220; button_one_letter_spacing__hover_enabled=&#8220;off&#8220; button_two_letter_spacing__hover_enabled=&#8220;off&#8220; button_one_bg_color__hover_enabled=&#8220;off&#8220; button_two_bg_color__hover_enabled=&#8220;off&#8220; title_text=&#8220;header2k23&#8243; sticky_enabled=&#8220;0&#8243;][\/et_pb_fullwidth_header][\/et_pb_section][et_pb_section fb_built=&#8220;1&#8243; module_class=&#8220;center-text&#8220; _builder_version=&#8220;4.16&#8243; global_colors_info=&#8220;{}&#8220;][et_pb_row column_structure=&#8220;1_2,1_2&#8243; custom_padding_last_edited=&#8220;on|tablet&#8220; module_class=&#8220;da-page-subheading&#8220; _builder_version=&#8220;4.16&#8243; background_size=&#8220;initial&#8220; background_position=&#8220;top_left&#8220; background_repeat=&#8220;repeat&#8220; custom_padding_tablet=&#8220;0px||0px|&#8220; custom_padding_phone=&#8220;&#8220; global_colors_info=&#8220;{}&#8220;][et_pb_column type=&#8220;1_2&#8243; module_class=&#8220;divider-center &#8220; _builder_version=&#8220;4.16&#8243; custom_padding=&#8220;|||&#8220; global_colors_info=&#8220;{}&#8220; custom_padding__hover=&#8220;|||&#8220;][et_pb_blurb title=&#8220;WordPress je najpopularnija CMS platforma. Oko 42% svih sajtova na svetu je napravljena upravo u WordPress-u.&#8220; use_icon=&#8220;on&#8220; font_icon=&#8220;&#xe0c7;||divi||400&#8243; module_class=&#8220;mobile-text-center&#8220; _builder_version=&#8220;4.17.6&#8243; header_level=&#8220;h2&#8243; header_text_align=&#8220;left&#8220; header_line_height=&#8220;1.5em&#8220; body_text_align=&#8220;left&#8220; custom_margin=&#8220;||2%|&#8220; global_colors_info=&#8220;{}&#8220;][\/et_pb_blurb][et_pb_divider divider_weight=&#8220;2&#8243; _builder_version=&#8220;4.17.4&#8243; max_width=&#8220;10%&#8220; animation_direction=&#8220;bottom&#8220; global_colors_info=&#8220;{}&#8220;][\/et_pb_divider][et_pb_button button_url=&#8220;https:\/\/pivnicki.com\/sr\/portfolio\/#web&#8220; button_text=&#8220;Portfolio&#8220; button_alignment=&#8220;center&#8220; _builder_version=&#8220;4.17.6&#8243; custom_button=&#8220;on&#8220; button_text_color=&#8220;#1080d0&#8243; button_border_color=&#8220;#1080d0&#8243; button_font=&#8220;|||on|||||&#8220; button_use_icon=&#8220;off&#8220; button_text_color_hover=&#8220;#ffffff&#8220; button_border_color_hover=&#8220;#1080d0&#8243; button_bg_color_hover=&#8220;#1080d0&#8243; saved_tabs=&#8220;all&#8220; global_colors_info=&#8220;{}&#8220; button_text_size__hover_enabled=&#8220;off&#8220; button_one_text_size__hover_enabled=&#8220;off&#8220; button_two_text_size__hover_enabled=&#8220;off&#8220; button_text_color__hover_enabled=&#8220;on&#8220; button_text_color__hover=&#8220;#ffffff&#8220; button_one_text_color__hover_enabled=&#8220;off&#8220; button_two_text_color__hover_enabled=&#8220;off&#8220; button_border_width__hover_enabled=&#8220;off&#8220; button_one_border_width__hover_enabled=&#8220;off&#8220; button_two_border_width__hover_enabled=&#8220;off&#8220; button_border_color__hover_enabled=&#8220;on&#8220; button_border_color__hover=&#8220;#1080d0&#8243; button_one_border_color__hover_enabled=&#8220;off&#8220; button_two_border_color__hover_enabled=&#8220;off&#8220; button_border_radius__hover_enabled=&#8220;off&#8220; button_one_border_radius__hover_enabled=&#8220;off&#8220; button_two_border_radius__hover_enabled=&#8220;off&#8220; button_letter_spacing__hover_enabled=&#8220;off&#8220; button_one_letter_spacing__hover_enabled=&#8220;off&#8220; button_two_letter_spacing__hover_enabled=&#8220;off&#8220; button_bg_color__hover_enabled=&#8220;on&#8220; button_bg_color__hover=&#8220;#1080d0&#8243; button_one_bg_color__hover_enabled=&#8220;off&#8220; button_two_bg_color__hover_enabled=&#8220;off&#8220;][\/et_pb_button][\/et_pb_column][et_pb_column type=&#8220;1_2&#8243; _builder_version=&#8220;4.16&#8243; custom_padding=&#8220;|||&#8220; global_colors_info=&#8220;{}&#8220; custom_padding__hover=&#8220;|||&#8220;][et_pb_text _builder_version=&#8220;4.17.6&#8243; module_alignment=&#8220;left&#8220; animation_direction=&#8220;right&#8220; global_colors_info=&#8220;{}&#8220;]<\/p>\n<h2>Za\u0161to WordPress?<\/h2>\n<p>Ne samo zato \u0161to je od 1,3 milijarde sajtova u svetu oko 500 miliona kreirano u WordPress-u, nego zato \u0161to ima na hiljade i hiljade sjajnih tema i dodataka.<br \/>Veoma stabilan i brz CMC (sistem za upravljanje sadr\u017eajem).<\/p>\n<p>\u0160ta dobijate?<br \/>Moderan, brz, siguran i responzivan web sajt sa nebrojenim mogu\u0107nostima.<\/p>\n<p>U zadnje vreme su e-komerc sajtovi veoma poularni. Vide\u0107ete u mom <a href=\"https:\/\/pivnicki.com\/sr\/portfolio\/\">portfoliju<\/a> nekoliko primera.<\/p>\n<p>[\/et_pb_text][et_pb_text _builder_version=&#8220;4.17.6&#8243; module_alignment=&#8220;left&#8220; animation_direction=&#8220;right&#8220; global_colors_info=&#8220;{}&#8220;]<\/p>\n<h2>Proces izrade sajta<\/h2>\n<p>Prvo mi predstavite Va\u0161 u ideju za sajt i navede koje funkcionalnosti su potrebne.<br \/>Mo\u017eete mi poslati i linkove za sajtove od Va\u0161e konkurencije.<\/p>\n<p>Zatim sledi:<br \/>&#8211; po\u0161aljite mi login podatke za Va\u0161 hosting. Ako jo\u0161 nemate, hajde prvo to da re\u0161imo.<br \/>&#8211; na\u0107i \u0107u jednu ili vi\u0161e teba za biranje<br \/>&#8211; ubacivanje Va\u0161eg sadr\u017eaja (slike, tekst, proizvodi za prodavnicu itd.)<br \/>&#8211; SEO<br \/>&#8211; sigurnost i za\u0161tita od botova<br \/>&#8211; druge aktivnosti koje zavise od Va\u0161ih zahteva<\/p>\n<p>[\/et_pb_text][\/et_pb_column][\/et_pb_row][\/et_pb_section][et_pb_section fb_built=&#8220;1&#8243; _builder_version=&#8220;4.16&#8243; global_colors_info=&#8220;{}&#8220;][et_pb_row custom_padding_last_edited=&#8220;on|tablet&#8220; disabled_on=&#8220;off|off|off&#8220; _builder_version=&#8220;4.16&#8243; custom_padding_tablet=&#8220;0px||0px|&#8220; custom_padding_phone=&#8220;&#8220; global_colors_info=&#8220;{}&#8220;][et_pb_column type=&#8220;4_4&#8243; _builder_version=&#8220;4.16&#8243; custom_padding=&#8220;|||&#8220; global_colors_info=&#8220;{}&#8220; custom_padding__hover=&#8220;|||&#8220;][et_pb_text _builder_version=&#8220;4.17.4&#8243; text_font=&#8220;|600|||||||&#8220; text_line_height=&#8220;1em&#8220; header_font=&#8220;|600|||||||&#8220; header_text_color=&#8220;#000000&#8243; header_font_size=&#8220;40px&#8220; header_2_font=&#8220;|700||on|||||&#8220; header_2_text_align=&#8220;center&#8220; header_2_text_color=&#8220;#000000&#8243; header_2_font_size=&#8220;40px&#8220; module_alignment=&#8220;center&#8220; animation_direction=&#8220;right&#8220; header_font_size_tablet=&#8220;&#8220; header_font_size_phone=&#8220;26px&#8220; header_font_size_last_edited=&#8220;on|phone&#8220; header_2_font_size_tablet=&#8220;30px&#8220; header_2_font_size_phone=&#8220;26px&#8220; header_2_font_size_last_edited=&#8220;on|phone&#8220; global_colors_info=&#8220;{}&#8220;]<\/p>\n<h2>Za\u0161to Pivnicki.com?<\/h2>\n<p>[\/et_pb_text][et_pb_divider divider_weight=&#8220;2&#8243; _builder_version=&#8220;4.17.4&#8243; max_width=&#8220;10%&#8220; module_alignment=&#8220;center&#8220; animation_direction=&#8220;right&#8220; global_colors_info=&#8220;{}&#8220;][\/et_pb_divider][\/et_pb_column][\/et_pb_row][et_pb_row column_structure=&#8220;1_2,1_2&#8243; custom_padding_last_edited=&#8220;on|phone&#8220; _builder_version=&#8220;4.16&#8243; custom_padding_tablet=&#8220;0px|||&#8220; custom_padding_phone=&#8220;&#8220; global_colors_info=&#8220;{}&#8220;][et_pb_column type=&#8220;1_2&#8243; _builder_version=&#8220;4.16&#8243; custom_padding=&#8220;|||&#8220; global_colors_info=&#8220;{}&#8220; custom_padding__hover=&#8220;|||&#8220;][et_pb_blurb title=&#8220;Moderan, brz i siguran sajt&#8220; use_icon=&#8220;on&#8220; font_icon=&#8220;&#xe609;||divi||400&#8243; image_icon_width=&#8220;30px&#8220; _builder_version=&#8220;4.17.6&#8243; header_text_color=&#8220;#000000&#8243; header_font_size=&#8220;20&#8243; text_orientation=&#8220;center&#8220; animation_direction=&#8220;right&#8220; animation=&#8220;left&#8220; header_font_size_tablet=&#8220;&#8220; header_font_size_phone=&#8220;18px&#8220; header_font_size_last_edited=&#8220;on|phone&#8220; icon_font_size=&#8220;30px&#8220; global_colors_info=&#8220;{}&#8220;]Koristim isklju\u010divo najbolje mogu\u0107e teme i dodatke koje su uvek a\u017eurne.<br \/>\nVa\u0161 sajt \u0107e biti na najboljim i najsigurnijim serverima.[\/et_pb_blurb][\/et_pb_column][et_pb_column type=&#8220;1_2&#8243; _builder_version=&#8220;4.16&#8243; custom_padding=&#8220;|||&#8220; global_colors_info=&#8220;{}&#8220; custom_padding__hover=&#8220;|||&#8220;][et_pb_blurb title=&#8220;Odr\u017eavanje sajtova&#8220; use_icon=&#8220;on&#8220; font_icon=&#8220;&#xe035;||divi||400&#8243; image_icon_width=&#8220;30px&#8220; _builder_version=&#8220;4.17.4&#8243; header_text_color=&#8220;#000000&#8243; header_font_size=&#8220;20&#8243; text_orientation=&#8220;center&#8220; animation_direction=&#8220;bottom&#8220; animation=&#8220;bottom&#8220; header_font_size_tablet=&#8220;&#8220; header_font_size_phone=&#8220;18px&#8220; header_font_size_last_edited=&#8220;on|phone&#8220; icon_font_size=&#8220;30px&#8220; global_colors_info=&#8220;{}&#8220;]<\/p>\n<p>Odr\u017eavanje Va\u0161eg sajta\/bloga\/web prodavnice na dnevnom\/nedeljnom\/mese\u010dnom nivou ili po potrebi.<\/p>\n<p>[\/et_pb_blurb][et_pb_blurb title=&#8220;E-commerce&#8220; use_icon=&#8220;on&#8220; font_icon=&#8220;&#x6e;||divi||400&#8243; image_icon_width=&#8220;30px&#8220; disabled_on=&#8220;on|on|on&#8220; _builder_version=&#8220;4.17.4&#8243; header_text_color=&#8220;#000000&#8243; header_font_size=&#8220;20&#8243; text_orientation=&#8220;center&#8220; animation_style=&#8220;slide&#8220; animation_direction=&#8220;left&#8220; animation_duration=&#8220;1200ms&#8220; animation=&#8220;right&#8220; header_font_size_tablet=&#8220;&#8220; header_font_size_phone=&#8220;18px&#8220; header_font_size_last_edited=&#8220;on|phone&#8220; icon_font_size=&#8220;30px&#8220; disabled=&#8220;on&#8220; global_colors_info=&#8220;{}&#8220;]<\/p>\n<p>Let me know what you exactly need: adding all your products to the web-shop or to create ready web-shop with<\/p>\n<p>[\/et_pb_blurb][\/et_pb_column][\/et_pb_row][\/et_pb_section][et_pb_section fb_built=&#8220;1&#8243; disabled_on=&#8220;on|on|on&#8220; module_class=&#8220;da-portfolio-section&#8220; _builder_version=&#8220;4.16&#8243; disabled=&#8220;on&#8220; global_colors_info=&#8220;{}&#8220;][et_pb_row _builder_version=&#8220;4.16&#8243; background_size=&#8220;initial&#8220; background_position=&#8220;top_left&#8220; background_repeat=&#8220;repeat&#8220; global_colors_info=&#8220;{}&#8220;][et_pb_column type=&#8220;4_4&#8243; _builder_version=&#8220;4.16&#8243; custom_padding=&#8220;|||&#8220; global_colors_info=&#8220;{}&#8220; custom_padding__hover=&#8220;|||&#8220;][et_pb_text _builder_version=&#8220;4.16&#8243; text_font=&#8220;|600|||||||&#8220; text_line_height=&#8220;1em&#8220; header_font=&#8220;|600|||||||&#8220; header_text_color=&#8220;#000000&#8243; header_font_size=&#8220;40px&#8220; header_2_font=&#8220;|700||on|||||&#8220; header_2_text_color=&#8220;#000000&#8243; header_2_font_size=&#8220;40px&#8220; text_orientation=&#8220;center&#8220; module_alignment=&#8220;center&#8220; animation_style=&#8220;slide&#8220; animation_direction=&#8220;top&#8220; animation_duration=&#8220;1200ms&#8220; header_2_font_size_tablet=&#8220;30px&#8220; header_2_font_size_phone=&#8220;26px&#8220; header_2_font_size_last_edited=&#8220;on|phone&#8220; global_colors_info=&#8220;{}&#8220;]<\/p>\n<h2>Our Work<\/h2>\n<p>[\/et_pb_text][et_pb_divider divider_weight=&#8220;2&#8243; _builder_version=&#8220;4.16&#8243; max_width=&#8220;10%&#8220; module_alignment=&#8220;center&#8220; animation_style=&#8220;slide&#8220; animation_direction=&#8220;top&#8220; animation_duration=&#8220;1200ms&#8220; global_colors_info=&#8220;{}&#8220;][\/et_pb_divider][et_pb_filterable_portfolio fullwidth=&#8220;off&#8220; posts_number=&#8220;6&#8243; include_categories=&#8220;3,6,5&#8243; show_title=&#8220;off&#8220; show_categories=&#8220;off&#8220; show_pagination=&#8220;off&#8220; zoom_icon_color=&#8220;#1080d0&#8243; hover_overlay_color=&#8220;rgba(0,0,0,0.69)&#8220; hover_icon=&#8220;&#x4c;||divi||400&#8243; _builder_version=&#8220;4.16&#8243; filter_font=&#8220;|||on|||||&#8220; animation_style=&#8220;zoom&#8220; animation_duration=&#8220;1200ms&#8220; pagination_font_size_tablet=&#8220;51&#8243; pagination_line_height_tablet=&#8220;2&#8243; global_colors_info=&#8220;{}&#8220;][\/et_pb_filterable_portfolio][\/et_pb_column][\/et_pb_row][\/et_pb_section][et_pb_section fb_built=&#8220;1&#8243; module_class=&#8220;da-our-services&#8220; _builder_version=&#8220;4.17.4&#8243; background_color=&#8220;rgba(255,255,255,0.4)&#8220; background_image=&#8220;https:\/\/pivnicki.com\/wp-content\/uploads\/2022\/05\/bg-videos.jpg&#8220; animation_direction=&#8220;bottom&#8220; custom_css_before=&#8220;position: absolute;||top: 0;||left: 0;||width: 100%;||height: 100%;||background: rgba(243,243,243,0.9);||content: &#8220;;&#8220; global_colors_info=&#8220;{}&#8220;][et_pb_row _builder_version=&#8220;4.16&#8243; background_size=&#8220;initial&#8220; background_position=&#8220;top_left&#8220; background_repeat=&#8220;repeat&#8220; global_colors_info=&#8220;{}&#8220;][et_pb_column type=&#8220;4_4&#8243; _builder_version=&#8220;4.16&#8243; custom_padding=&#8220;|||&#8220; global_colors_info=&#8220;{}&#8220; custom_padding__hover=&#8220;|||&#8220;][et_pb_text _builder_version=&#8220;4.17.4&#8243; text_font=&#8220;|600|||||||&#8220; text_line_height=&#8220;1em&#8220; header_font=&#8220;|600|||||||&#8220; header_text_color=&#8220;#000000&#8243; header_font_size=&#8220;40px&#8220; header_2_font=&#8220;|700||on|||||&#8220; header_2_text_color=&#8220;#000000&#8243; header_2_font_size=&#8220;40px&#8220; text_orientation=&#8220;center&#8220; module_alignment=&#8220;center&#8220; header_2_font_size_tablet=&#8220;30px&#8220; header_2_font_size_phone=&#8220;26px&#8220; header_2_font_size_last_edited=&#8220;on|phone&#8220; global_colors_info=&#8220;{}&#8220;]<\/p>\n<h2>Mogu Vam pomo\u0107i sa Va\u0161im online biznisom<\/h2>\n<p>[\/et_pb_text][et_pb_text disabled_on=&#8220;on|on|on&#8220; _builder_version=&#8220;4.16&#8243; header_font=&#8220;|600|||||||&#8220; header_text_color=&#8220;#000000&#8243; header_font_size=&#8220;40px&#8220; header_2_font=&#8220;|700|||||||&#8220; header_2_text_color=&#8220;#000000&#8243; header_2_font_size=&#8220;40px&#8220; text_orientation=&#8220;center&#8220; module_alignment=&#8220;center&#8220; header_2_font_size_tablet=&#8220;30px&#8220; header_2_font_size_phone=&#8220;&#8220; header_2_font_size_last_edited=&#8220;on|phone&#8220; disabled=&#8220;on&#8220; global_colors_info=&#8220;{}&#8220;]<\/p>\n<p>Lorem ipsum dolor sit amet, consectetur adipiscing elit, sed do eiusmod tempor incididunt ut labore et dolore magna aliqua. Ut enim ad minim veniam, quis nostrud exercitation ullamco laboris nisi ut aliquip ex ea commodo consequat. Duis aute irure dolor in reprehenderit.<\/p>\n<p>[\/et_pb_text][et_pb_button button_url=&#8220;https:\/\/pivnicki.com\/sr\/kontakt\/&#8220; button_text=&#8220;Kontakt&#8220; button_alignment=&#8220;center&#8220; _builder_version=&#8220;4.17.6&#8243; custom_button=&#8220;on&#8220; button_text_color=&#8220;#1080d0&#8243; button_border_color=&#8220;#1080d0&#8243; button_font=&#8220;|||on|||||&#8220; button_use_icon=&#8220;off&#8220; button_text_color_hover=&#8220;#ffffff&#8220; button_border_color_hover=&#8220;#1080d0&#8243; button_bg_color_hover=&#8220;#1080d0&#8243; saved_tabs=&#8220;all&#8220; global_colors_info=&#8220;{}&#8220; button_text_size__hover_enabled=&#8220;off&#8220; button_one_text_size__hover_enabled=&#8220;off&#8220; button_two_text_size__hover_enabled=&#8220;off&#8220; button_text_color__hover_enabled=&#8220;on&#8220; button_text_color__hover=&#8220;#ffffff&#8220; button_one_text_color__hover_enabled=&#8220;off&#8220; button_two_text_color__hover_enabled=&#8220;off&#8220; button_border_width__hover_enabled=&#8220;off&#8220; button_one_border_width__hover_enabled=&#8220;off&#8220; button_two_border_width__hover_enabled=&#8220;off&#8220; button_border_color__hover_enabled=&#8220;on&#8220; button_border_color__hover=&#8220;#1080d0&#8243; button_one_border_color__hover_enabled=&#8220;off&#8220; button_two_border_color__hover_enabled=&#8220;off&#8220; button_border_radius__hover_enabled=&#8220;off&#8220; button_one_border_radius__hover_enabled=&#8220;off&#8220; button_two_border_radius__hover_enabled=&#8220;off&#8220; button_letter_spacing__hover_enabled=&#8220;off&#8220; button_one_letter_spacing__hover_enabled=&#8220;off&#8220; button_two_letter_spacing__hover_enabled=&#8220;off&#8220; button_bg_color__hover_enabled=&#8220;on&#8220; button_bg_color__hover=&#8220;#1080d0&#8243; button_one_bg_color__hover_enabled=&#8220;off&#8220; button_two_bg_color__hover_enabled=&#8220;off&#8220;][\/et_pb_button][\/et_pb_column][\/et_pb_row][\/et_pb_section]<\/p>\n","protected":false},"excerpt":{"rendered":"<p>Za\u0161to WordPress? Ne samo zato \u0161to je od 1,3 milijarde sajtova u svetu oko 500 miliona kreirano u WordPress-u, nego zato \u0161to ima na hiljade i hiljade sjajnih tema i dodataka.Veoma stabilan i brz CMC (sistem za upravljanje sadr\u017eajem). \u0160ta dobijate?Moderan, brz, siguran i responzivan web sajt sa nebrojenim mogu\u0107nostima. U zadnje vreme su e-komerc [&hellip;]<\/p>\n","protected":false},"author":2,"featured_media":0,"parent":0,"menu_order":0,"comment_status":"closed","ping_status":"closed","template":"","meta":{"_et_pb_use_builder":"on","_et_pb_old_content":"","_et_gb_content_width":"","footnotes":""},"class_list":["post-950","page","type-page","status-publish","hentry"],"yoast_head":"<!-- This site is optimized with the Yoast SEO plugin v27.2 - https:\/\/yoast.com\/product\/yoast-seo-wordpress\/ -->\n<title>Izrada WordPress sajtova - Pivnicki.com<\/title>\n<meta name=\"robots\" content=\"index, follow, max-snippet:-1, max-image-preview:large, max-video-preview:-1\" \/>\n<link rel=\"canonical\" href=\"https:\/\/pivnicki.com\/sr\/izrada-wordpress-sajtova\/\" \/>\n<meta property=\"og:locale\" content=\"sr_RS\" \/>\n<meta property=\"og:type\" content=\"article\" \/>\n<meta property=\"og:title\" content=\"Pivnicki.com\" \/>\n<meta property=\"og:description\" content=\"Djordje Pivnicki Usluge - Izrada WordPress sajtova\" \/>\n<meta property=\"og:url\" content=\"https:\/\/pivnicki.com\/sr\/izrada-wordpress-sajtova\/\" \/>\n<meta property=\"og:site_name\" content=\"Pivnicki.com\" \/>\n<meta property=\"article:publisher\" content=\"https:\/\/www.facebook.com\/pivnickicom\" \/>\n<meta property=\"article:modified_time\" content=\"2023-01-12T02:50:51+00:00\" \/>\n<meta property=\"og:image\" content=\"https:\/\/pivnicki.com\/wp-content\/uploads\/2022\/06\/pivnicki-og-1024x538.png\" \/>\n<meta name=\"twitter:card\" content=\"summary_large_image\" \/>\n<meta name=\"twitter:label1\" content=\"Procenjeno vreme \u010ditanja\" \/>\n\t<meta name=\"twitter:data1\" content=\"10 minuta\" \/>\n<script type=\"application\/ld+json\" class=\"yoast-schema-graph\">{\"@context\":\"https:\/\/schema.org\",\"@graph\":[{\"@type\":\"WebPage\",\"@id\":\"https:\/\/pivnicki.com\/sr\/izrada-wordpress-sajtova\/\",\"url\":\"https:\/\/pivnicki.com\/sr\/izrada-wordpress-sajtova\/\",\"name\":\"Izrada WordPress sajtova - Pivnicki.com\",\"isPartOf\":{\"@id\":\"https:\/\/pivnicki.com\/sr\/#website\"},\"datePublished\":\"2017-11-16T05:07:15+00:00\",\"dateModified\":\"2023-01-12T02:50:51+00:00\",\"breadcrumb\":{\"@id\":\"https:\/\/pivnicki.com\/sr\/izrada-wordpress-sajtova\/#breadcrumb\"},\"inLanguage\":\"sr-RS\",\"potentialAction\":[{\"@type\":\"ReadAction\",\"target\":[\"https:\/\/pivnicki.com\/sr\/izrada-wordpress-sajtova\/\"]}]},{\"@type\":\"BreadcrumbList\",\"@id\":\"https:\/\/pivnicki.com\/sr\/izrada-wordpress-sajtova\/#breadcrumb\",\"itemListElement\":[{\"@type\":\"ListItem\",\"position\":1,\"name\":\"Home\",\"item\":\"https:\/\/pivnicki.com\/sr\/\"},{\"@type\":\"ListItem\",\"position\":2,\"name\":\"Izrada WordPress sajtova\"}]},{\"@type\":\"WebSite\",\"@id\":\"https:\/\/pivnicki.com\/sr\/#website\",\"url\":\"https:\/\/pivnicki.com\/sr\/\",\"name\":\"Pivnicki.com\",\"description\":\"Djordje Pivnicki - Izrada videa i web sajtova\",\"publisher\":{\"@id\":\"https:\/\/pivnicki.com\/sr\/#\/schema\/person\/b48079977c0757b5cea1fcafba7ef74e\"},\"potentialAction\":[{\"@type\":\"SearchAction\",\"target\":{\"@type\":\"EntryPoint\",\"urlTemplate\":\"https:\/\/pivnicki.com\/sr\/?s={search_term_string}\"},\"query-input\":{\"@type\":\"PropertyValueSpecification\",\"valueRequired\":true,\"valueName\":\"search_term_string\"}}],\"inLanguage\":\"sr-RS\"},{\"@type\":[\"Person\",\"Organization\"],\"@id\":\"https:\/\/pivnicki.com\/sr\/#\/schema\/person\/b48079977c0757b5cea1fcafba7ef74e\",\"name\":\"djordje\",\"image\":{\"@type\":\"ImageObject\",\"inLanguage\":\"sr-RS\",\"@id\":\"https:\/\/pivnicki.com\/wp-content\/uploads\/2022\/06\/favicon.png\",\"url\":\"https:\/\/pivnicki.com\/wp-content\/uploads\/2022\/06\/favicon.png\",\"contentUrl\":\"https:\/\/pivnicki.com\/wp-content\/uploads\/2022\/06\/favicon.png\",\"width\":512,\"height\":512,\"caption\":\"djordje\"},\"logo\":{\"@id\":\"https:\/\/pivnicki.com\/wp-content\/uploads\/2022\/06\/favicon.png\"},\"sameAs\":[\"https:\/\/pivnicki.com\",\"https:\/\/www.facebook.com\/pivnickicom\",\"https:\/\/www.instagram.com\/pivnicki\",\"https:\/\/www.linkedin.com\/in\/pivnicki\/\",\"https:\/\/www.youtube.com\/c\/DjordjePivnicki\"]}]}<\/script>\n<!-- \/ Yoast SEO plugin. -->","yoast_head_json":{"title":"Izrada WordPress sajtova - Pivnicki.com","robots":{"index":"index","follow":"follow","max-snippet":"max-snippet:-1","max-image-preview":"max-image-preview:large","max-video-preview":"max-video-preview:-1"},"canonical":"https:\/\/pivnicki.com\/sr\/izrada-wordpress-sajtova\/","og_locale":"sr_RS","og_type":"article","og_title":"Pivnicki.com","og_description":"Djordje Pivnicki Usluge - Izrada WordPress sajtova","og_url":"https:\/\/pivnicki.com\/sr\/izrada-wordpress-sajtova\/","og_site_name":"Pivnicki.com","article_publisher":"https:\/\/www.facebook.com\/pivnickicom","article_modified_time":"2023-01-12T02:50:51+00:00","og_image":[{"url":"https:\/\/pivnicki.com\/wp-content\/uploads\/2022\/06\/pivnicki-og-1024x538.png","type":"","width":"","height":""}],"twitter_card":"summary_large_image","twitter_misc":{"Procenjeno vreme \u010ditanja":"10 minuta"},"schema":{"@context":"https:\/\/schema.org","@graph":[{"@type":"WebPage","@id":"https:\/\/pivnicki.com\/sr\/izrada-wordpress-sajtova\/","url":"https:\/\/pivnicki.com\/sr\/izrada-wordpress-sajtova\/","name":"Izrada WordPress sajtova - Pivnicki.com","isPartOf":{"@id":"https:\/\/pivnicki.com\/sr\/#website"},"datePublished":"2017-11-16T05:07:15+00:00","dateModified":"2023-01-12T02:50:51+00:00","breadcrumb":{"@id":"https:\/\/pivnicki.com\/sr\/izrada-wordpress-sajtova\/#breadcrumb"},"inLanguage":"sr-RS","potentialAction":[{"@type":"ReadAction","target":["https:\/\/pivnicki.com\/sr\/izrada-wordpress-sajtova\/"]}]},{"@type":"BreadcrumbList","@id":"https:\/\/pivnicki.com\/sr\/izrada-wordpress-sajtova\/#breadcrumb","itemListElement":[{"@type":"ListItem","position":1,"name":"Home","item":"https:\/\/pivnicki.com\/sr\/"},{"@type":"ListItem","position":2,"name":"Izrada WordPress sajtova"}]},{"@type":"WebSite","@id":"https:\/\/pivnicki.com\/sr\/#website","url":"https:\/\/pivnicki.com\/sr\/","name":"Pivnicki.com","description":"Djordje Pivnicki - Izrada videa i web sajtova","publisher":{"@id":"https:\/\/pivnicki.com\/sr\/#\/schema\/person\/b48079977c0757b5cea1fcafba7ef74e"},"potentialAction":[{"@type":"SearchAction","target":{"@type":"EntryPoint","urlTemplate":"https:\/\/pivnicki.com\/sr\/?s={search_term_string}"},"query-input":{"@type":"PropertyValueSpecification","valueRequired":true,"valueName":"search_term_string"}}],"inLanguage":"sr-RS"},{"@type":["Person","Organization"],"@id":"https:\/\/pivnicki.com\/sr\/#\/schema\/person\/b48079977c0757b5cea1fcafba7ef74e","name":"djordje","image":{"@type":"ImageObject","inLanguage":"sr-RS","@id":"https:\/\/pivnicki.com\/wp-content\/uploads\/2022\/06\/favicon.png","url":"https:\/\/pivnicki.com\/wp-content\/uploads\/2022\/06\/favicon.png","contentUrl":"https:\/\/pivnicki.com\/wp-content\/uploads\/2022\/06\/favicon.png","width":512,"height":512,"caption":"djordje"},"logo":{"@id":"https:\/\/pivnicki.com\/wp-content\/uploads\/2022\/06\/favicon.png"},"sameAs":["https:\/\/pivnicki.com","https:\/\/www.facebook.com\/pivnickicom","https:\/\/www.instagram.com\/pivnicki","https:\/\/www.linkedin.com\/in\/pivnicki\/","https:\/\/www.youtube.com\/c\/DjordjePivnicki"]}]}},"_links":{"self":[{"href":"https:\/\/pivnicki.com\/sr\/wp-json\/wp\/v2\/pages\/950","targetHints":{"allow":["GET"]}}],"collection":[{"href":"https:\/\/pivnicki.com\/sr\/wp-json\/wp\/v2\/pages"}],"about":[{"href":"https:\/\/pivnicki.com\/sr\/wp-json\/wp\/v2\/types\/page"}],"author":[{"embeddable":true,"href":"https:\/\/pivnicki.com\/sr\/wp-json\/wp\/v2\/users\/2"}],"replies":[{"embeddable":true,"href":"https:\/\/pivnicki.com\/sr\/wp-json\/wp\/v2\/comments?post=950"}],"version-history":[{"count":12,"href":"https:\/\/pivnicki.com\/sr\/wp-json\/wp\/v2\/pages\/950\/revisions"}],"predecessor-version":[{"id":1248,"href":"https:\/\/pivnicki.com\/sr\/wp-json\/wp\/v2\/pages\/950\/revisions\/1248"}],"wp:attachment":[{"href":"https:\/\/pivnicki.com\/sr\/wp-json\/wp\/v2\/media?parent=950"}],"curies":[{"name":"wp","href":"https:\/\/api.w.org\/{rel}","templated":true}]}}